{"id":143,"date":"2020-02-24T13:08:57","date_gmt":"2020-02-24T13:08:57","guid":{"rendered":"https:\/\/demosites.io\/zelle-gb\/?page_id=143"},"modified":"2025-06-06T16:48:26","modified_gmt":"2025-06-06T16:48:26","slug":"0227d-home","status":"publish","type":"page","link":"https:\/\/tecnoequiposdelagua.com\/","title":{"rendered":"Inicio"},"content":{"rendered":"\n<div id=\"wp-block-themeisle-blocks-advanced-columns-d26b6b4e\" class=\"wp-block-themeisle-blocks-advanced-columns alignfull has-1-columns has-desktop-equal-layout has-tablet-equal-layout has-mobile-equal-layout has-vertical-center\"><div class=\"wp-block-themeisle-blocks-advanced-columns-overlay\"><\/div><div class=\"innerblocks-wrap\">\n<div id=\"wp-block-themeisle-blocks-advanced-column-bc8f6b49\" class=\"wp-block-themeisle-blocks-advanced-column\">\n<h1 class=\"wp-block-heading has-text-align-center has-white-color has-text-color\">TRATAMIENTO DE AGUA \/ TODO EN DOSIFICACI\u00d3N QU\u00cdMICA<\/h1>\n\n\n\n<p>T<\/p>\n\n\n\n<div style=\"height:20px\" aria-hidden=\"true\" class=\"wp-block-spacer\"><\/div>\n\n\n\n<div id=\"wp-block-themeisle-blocks-button-group-2dde628f\" class=\"wp-block-themeisle-blocks-button-group wp-block-buttons align-center\">\n<div id=\"wp-block-themeisle-blocks-button-754057ce\" class=\"wp-block-themeisle-blocks-button wp-block-button\"><a href=\"\" target=\"_self\" rel=\"noopener noreferrer\" class=\"wp-block-button__link\"><i class=\"fas fa-fw fa-hand-holding-water margin-right\"><\/i><span> <\/span><\/a><\/div>\n\n\n\n<div id=\"wp-block-themeisle-blocks-button-9b0883a7\" class=\"wp-block-themeisle-blocks-button wp-block-button\"><a href=\"\" target=\"_self\" rel=\"noopener noreferrer\" class=\"wp-block-button__link\"><i class=\"fas fa-fw fa-tools margin-right\"><\/i><span> <\/span><\/a><\/div>\n\n\n\n<div id=\"wp-block-themeisle-blocks-button-571269f2\" class=\"wp-block-themeisle-blocks-button wp-block-button\"><a href=\"\" target=\"_self\" rel=\"noopener noreferrer\" class=\"wp-block-button__link\"><i class=\"fas fa-fw fa-key margin-right\"><\/i><span> <\/span><\/a><\/div>\n<\/div>\n<\/div>\n<\/div><\/div>\n\n\n\n<div id=\"focus\" class=\"wp-block-themeisle-blocks-advanced-columns alignfull has-1-columns has-desktop-equal-layout has-tablet-equal-layout has-mobile-equal-layout has-vertical-unset\"><div class=\"wp-block-themeisle-blocks-advanced-columns-overlay\"><\/div><div class=\"innerblocks-wrap\">\n<div id=\"wp-block-themeisle-blocks-advanced-column-b3c846e4\" class=\"wp-block-themeisle-blocks-advanced-column\">\n<h2 class=\"wp-block-heading has-text-align-center\">TECNOEQUIPOS DEL AGUA<\/h2>\n\n\n\n<p class=\"has-text-align-center\"><strong>ILEX ARENA, S. de RL. de C.V.<\/strong><\/p>\n<\/div>\n<\/div><\/div>\n\n\n\n<div id=\"se\" class=\"wp-block-themeisle-blocks-advanced-columns alignfull has-3-columns has-desktop-equal-layout has-tablet-equal-layout has-mobile-collapsedRows-layout has-vertical-unset has-light-bg\"><div class=\"wp-block-themeisle-blocks-advanced-columns-overlay\"><\/div><div class=\"innerblocks-wrap\">\n<div id=\"wp-block-themeisle-blocks-advanced-column-71484aac\" class=\"wp-block-themeisle-blocks-advanced-column\">\n<div id=\"wp-block-themeisle-blocks-font-awesome-icons-29583e4b\" class=\"wp-block-themeisle-blocks-font-awesome-icons\"><span class=\"wp-block-themeisle-blocks-font-awesome-icons-container\"><i class=\"fas fa-hand-holding-water\"><\/i><\/span><\/div>\n\n\n\n<h5 id=\"wp-block-themeisle-blocks-advanced-heading-e50a9371\" class=\"wp-block-themeisle-blocks-advanced-heading wp-block-themeisle-blocks-advanced-heading-e50a9371\"> AGUA<\/h5>\n\n\n\n<p class=\"has-text-align-center has-link-color-color has-text-color\" style=\"font-size:14px\">CONDUCCION, TRATAMIENTO, EQUIPOS PERIFERICOS, DOSIFICACION QUIMICA, AUTOMATIZACION, QUIMICOS ESPECIFICOS, SANITIZACION, SERVICIO TECNICO.<br><\/p>\n<\/div>\n\n\n\n<div id=\"wp-block-themeisle-blocks-advanced-column-a0079089\" class=\"wp-block-themeisle-blocks-advanced-column\">\n<div id=\"wp-block-themeisle-blocks-font-awesome-icons-cdfe10a4\" class=\"wp-block-themeisle-blocks-font-awesome-icons\"><span class=\"wp-block-themeisle-blocks-font-awesome-icons-container\"><i class=\"fas fa-tools\"><\/i><\/span><\/div>\n\n\n\n<h5 id=\"wp-block-themeisle-blocks-advanced-heading-7964a169\" class=\"wp-block-themeisle-blocks-advanced-heading wp-block-themeisle-blocks-advanced-heading-7964a169\"> TRATAMIENTO<\/h5>\n\n\n\n<p class=\"has-text-align-center has-link-color-color has-text-color\" style=\"font-size:14px\">FILTRACI\u00d3N ABLANDAMIENTO DE AGUA, REMOCI\u00d3N DE H2S, SECUESTRAMIENTO Y REMOCI\u00d3N DE HIERRO Y MANGANESO, ARS\u00c9NICO, FLUOR Y METALES PESADOSCONTROL DE PH, EQUIPOS PERIF\u00c9RICOS.<\/p>\n<\/div>\n\n\n\n<div id=\"wp-block-themeisle-blocks-advanced-column-3ad7ac1c\" class=\"wp-block-themeisle-blocks-advanced-column\">\n<div id=\"wp-block-themeisle-blocks-font-awesome-icons-3f5f9531\" class=\"wp-block-themeisle-blocks-font-awesome-icons\"><span class=\"wp-block-themeisle-blocks-font-awesome-icons-container\"><i class=\"fas fa-key\"><\/i><\/span><\/div>\n\n\n\n<h5 id=\"wp-block-themeisle-blocks-advanced-heading-68f9f4b6\" class=\"wp-block-themeisle-blocks-advanced-heading wp-block-themeisle-blocks-advanced-heading-68f9f4b6\"> TODO EN DOSIFICACI\u00d3N QUIMICA<\/h5>\n\n\n\n<p class=\"has-text-align-center has-link-color-color has-text-color\" style=\"font-size:14px\">ELABORACION DE PROYECTOS EJECUTIVOS ( POTABILIZADORAS, AGUA RESIDUAL : MUNICIPAL E INDUSTRIAL ) EJECUCION DE OBRA Y SUPERVISION PRUEBA, ARRANQUE, CAPACITACION Y OPERACI\u00d3N DE PLANTAS DE TRATAMIENTO CURSOS DE CAPACITACION ( CLORO GAS, DOSIFICADORES DE SOLUCIONES ) CAPACITACION DE OPERADORES.<br><\/p>\n<\/div>\n<\/div><\/div>\n\n\n\n<div id=\"about\" class=\"wp-block-themeisle-blocks-advanced-columns alignfull has-1-columns has-desktop-equal-layout has-tablet-equal-layout has-mobile-equal-layout has-vertical-unset\"><div class=\"wp-block-themeisle-blocks-advanced-columns-overlay\"><\/div><div class=\"innerblocks-wrap\">\n<div id=\"wp-block-themeisle-blocks-advanced-column-b84eb7cd\" class=\"wp-block-themeisle-blocks-advanced-column\">\n<h2 class=\"wp-block-heading has-text-align-center has-white-color has-text-color\">ING. CARLOS OSCAR JIM\u00c9NEZ ARENAS<\/h2>\n\n\n\n<p class=\"has-text-align-center has-white-color has-text-color has-normal-font-size\"><strong>MIEMBRO DE: CHLORINE INSTITUTE AWWA, SALT INSTITUTE <\/strong><\/p>\n<\/div>\n<\/div><\/div>\n\n\n\n<div id=\"swr\" class=\"wp-block-themeisle-blocks-advanced-columns alignfull has-3-columns has-desktop-equal-layout has-tablet-collapsedRows-layout has-mobile-collapsedRows-layout has-vertical-unset\"><div class=\"wp-block-themeisle-blocks-advanced-columns-overlay\"><\/div><div class=\"innerblocks-wrap\">\n<div id=\"wp-block-themeisle-blocks-advanced-column-f5da1e50\" class=\"wp-block-themeisle-blocks-advanced-column\">\n<h2 id=\"wp-block-themeisle-blocks-advanced-heading-e0a4cde3\" class=\"wp-block-themeisle-blocks-advanced-heading wp-block-themeisle-blocks-advanced-heading-e0a4cde3\"> Cobertura nacional atenci\u00f3n inmediata desde 1968<\/h2>\n<\/div>\n\n\n\n<div id=\"wp-block-themeisle-blocks-advanced-column-86ed024e\" class=\"wp-block-themeisle-blocks-advanced-column\">\n<p class=\"has-text-align-center has-white-color has-text-color\" style=\"font-size:14px\">Dosificaci\u00f3n qu\u00edmica\/Cloradores\/ sistemas de bombeo\/Agua y procesos\/Electrificaci\u00f3n\/Medici\u00f3n de gasto: propela, turbina, Electromagn\u00e9ticos, Inserci\u00f3n\/Parshal\/V\u00e1lvulas de control\/Anticipadora de onda\/Reguladoras de presi\u00f3n\/Trenes de descarga\/Medici\u00f3n de presi\u00f3n\/CONDUCCI\u00d3N: ACERO\/PVC\/PEAD\/PPL<br><\/p>\n\n\n\n<p class=\"has-text-align-center has-white-color has-text-color\" style=\"font-size:14px\">Filtraci\u00f3n\/Ablandamiento de agua\/Secuestramiento  y remoci\u00f3n de hierro y Manganeso\/Ars\u00e9nico\/Fluor\/Metales pesados\/Control de PH\/Alacalinidad\/Potabilizadoras port\u00e1tiles\/Generadores de desinfectante in situ\/Equipos perif\u00e9ricos.<br><\/p>\n<\/div>\n\n\n\n<div id=\"wp-block-themeisle-blocks-advanced-column-b513a605\" class=\"wp-block-themeisle-blocks-advanced-column\">\n<div id=\"wp-block-themeisle-blocks-font-awesome-icons-829fcb98\" class=\"wp-block-themeisle-blocks-font-awesome-icons\"><span class=\"wp-block-themeisle-blocks-font-awesome-icons-container\"><i class=\"fas fa-phone-volume\"><\/i><\/span><\/div>\n\n\n\n<h3 id=\"wp-block-themeisle-blocks-advanced-heading-1c425772\" class=\"wp-block-themeisle-blocks-advanced-heading wp-block-themeisle-blocks-advanced-heading-1c425772\"> ASISTENCIA INMEDIATA <\/h3>\n\n\n\n<div id=\"wp-block-themeisle-blocks-font-awesome-icons-4c515042\" class=\"wp-block-themeisle-blocks-font-awesome-icons\"><span class=\"wp-block-themeisle-blocks-font-awesome-icons-container\"><i class=\"fas fa-hands-helping\"><\/i><\/span><\/div>\n\n\n\n<h3 id=\"wp-block-themeisle-blocks-advanced-heading-99693748\" class=\"wp-block-themeisle-blocks-advanced-heading wp-block-themeisle-blocks-advanced-heading-99693748\"> ASESOR\u00cdA<\/h3>\n\n\n\n<div id=\"wp-block-themeisle-blocks-font-awesome-icons-331c5663\" class=\"wp-block-themeisle-blocks-font-awesome-icons\"><span class=\"wp-block-themeisle-blocks-font-awesome-icons-container\"><i class=\"fas fa-user\"><\/i><\/span><\/div>\n\n\n\n<h3 id=\"wp-block-themeisle-blocks-advanced-heading-35a362e2\" class=\"wp-block-themeisle-blocks-advanced-heading wp-block-themeisle-blocks-advanced-heading-35a362e2\"> NUESTROS CLIENTES NOS AVALAN<\/h3>\n<\/div>\n<\/div><\/div>\n\n\n\n<div id=\"sd\" class=\"wp-block-themeisle-blocks-advanced-columns alignfull has-3-columns has-desktop-equal-layout has-tablet-equal-layout has-mobile-collapsedRows-layout has-vertical-unset has-light-bg\"><div class=\"wp-block-themeisle-blocks-advanced-columns-overlay\"><\/div><div class=\"innerblocks-wrap\">\n<div id=\"wp-block-themeisle-blocks-advanced-column-5fbf5159\" class=\"wp-block-themeisle-blocks-advanced-column\"><div class=\"wp-block-image is-style-circle-mask\">\n<figure class=\"aligncenter size-full is-resized\"><img fetchpriority=\"high\" decoding=\"async\" width=\"263\" height=\"250\" src=\"https:\/\/tecnoequiposdelagua.com\/wp-content\/uploads\/2022\/03\/AWWA-logo.png\" alt=\"\" class=\"wp-image-179\" style=\"width:155px;height:125px\"\/><\/figure>\n<\/div>\n\n\n<h5 id=\"wp-block-themeisle-blocks-advanced-heading-556350ba\" class=\"wp-block-themeisle-blocks-advanced-heading wp-block-themeisle-blocks-advanced-heading-556350ba\"> AMERICAN WATER WORKS<br>ASSOCIATION<\/h5>\n<\/div>\n\n\n\n<div id=\"wp-block-themeisle-blocks-advanced-column-38438e59\" class=\"wp-block-themeisle-blocks-advanced-column\"><div class=\"wp-block-image is-style-circle-mask\">\n<figure class=\"aligncenter size-full is-resized\"><img decoding=\"async\" width=\"802\" height=\"353\" src=\"https:\/\/tecnoequiposdelagua.com\/wp-content\/uploads\/2022\/03\/logo-2.jpg\" alt=\"\" class=\"wp-image-180\" style=\"width:401px;height:177px\" srcset=\"https:\/\/tecnoequiposdelagua.com\/wp-content\/uploads\/2022\/03\/logo-2.jpg 802w, https:\/\/tecnoequiposdelagua.com\/wp-content\/uploads\/2022\/03\/logo-2-300x132.jpg 300w, https:\/\/tecnoequiposdelagua.com\/wp-content\/uploads\/2022\/03\/logo-2-768x338.jpg 768w\" sizes=\"(max-width: 802px) 100vw, 802px\" \/><\/figure>\n<\/div>\n\n\n<h5 id=\"wp-block-themeisle-blocks-advanced-heading-f72ee976\" class=\"wp-block-themeisle-blocks-advanced-heading wp-block-themeisle-blocks-advanced-heading-f72ee976\"> THE CHLORINE INSTITUTE<\/h5>\n\n\n\n<p class=\"has-text-align-center has-neve-text-color-color has-text-color has-small-font-size\"><\/p>\n<\/div>\n\n\n\n<div id=\"wp-block-themeisle-blocks-advanced-column-ce42c030\" class=\"wp-block-themeisle-blocks-advanced-column\"><div class=\"wp-block-image is-style-circle-mask is-style-default\">\n<figure class=\"aligncenter size-full is-resized\"><img decoding=\"async\" width=\"694\" height=\"653\" src=\"https:\/\/tecnoequiposdelagua.com\/wp-content\/uploads\/2022\/03\/logo-SALT.jpg\" alt=\"\" class=\"wp-image-181\" style=\"width:157px;height:147px\" srcset=\"https:\/\/tecnoequiposdelagua.com\/wp-content\/uploads\/2022\/03\/logo-SALT.jpg 694w, https:\/\/tecnoequiposdelagua.com\/wp-content\/uploads\/2022\/03\/logo-SALT-300x282.jpg 300w\" sizes=\"(max-width: 694px) 100vw, 694px\" \/><\/figure>\n<\/div>\n\n\n<h5 id=\"wp-block-themeisle-blocks-advanced-heading-a11ed3f2\" class=\"wp-block-themeisle-blocks-advanced-heading wp-block-themeisle-blocks-advanced-heading-a11ed3f2\"> SALT INSTITUTE<\/h5>\n\n\n\n<p class=\"has-text-align-center has-neve-text-color-color has-text-color has-small-font-size\"><\/p>\n\n\n\n<p class=\"has-text-align-center has-neve-text-color-color has-text-color has-small-font-size\"><br><\/p>\n<\/div>\n<\/div><\/div>\n\n\n\n<div id=\"wp-block-themeisle-blocks-advanced-columns-36420cd7\" class=\"wp-block-themeisle-blocks-advanced-columns has-1-columns has-desktop-equal-layout has-tablet-equal-layout has-mobile-equal-layout has-vertical-unset\"><div class=\"wp-block-themeisle-blocks-advanced-columns-overlay\"><\/div><div class=\"innerblocks-wrap\">\n<div id=\"wp-block-themeisle-blocks-advanced-column-ebf1081d\" class=\"wp-block-themeisle-blocks-advanced-column\">\n<h2 class=\"wp-block-heading has-text-align-center has-neve-text-color-color has-text-color\">MIEMBRO<\/h2>\n\n\n\n<p class=\"has-text-align-center has-neve-text-color-color has-text-color\">DESDE 1968<\/p>\n<\/div>\n<\/div><\/div>\n\n\n\n<div id=\"wp-block-themeisle-blocks-advanced-columns-6e74fd9f\" class=\"wp-block-themeisle-blocks-advanced-columns has-1-columns has-desktop-equal-layout has-tablet-equal-layout has-mobile-equal-layout has-vertical-unset\"><div class=\"wp-block-themeisle-blocks-advanced-columns-overlay\"><\/div><div class=\"innerblocks-wrap\">\n<div id=\"wp-block-themeisle-blocks-advanced-column-8be84fde\" class=\"wp-block-themeisle-blocks-advanced-column\"><\/div>\n<\/div><\/div>\n\n\n\n<div id=\"contact\" class=\"wp-block-themeisle-blocks-advanced-columns alignfull has-1-columns has-desktop-equal-layout has-tablet-equal-layout has-mobile-equal-layout has-vertical-unset\"><div class=\"wp-block-themeisle-blocks-advanced-columns-overlay\"><\/div><div class=\"innerblocks-wrap\">\n<div id=\"wp-block-themeisle-blocks-advanced-column-c81f51d3\" class=\"wp-block-themeisle-blocks-advanced-column\">\n<h2 class=\"wp-block-heading has-text-align-center has-white-color has-text-color\">ALGUNA PREGUNTA?<\/h2>\n\n\n\n<p class=\"has-text-align-center has-white-color has-text-color\">Atenci\u00f3n inmediata, soporte y asesor\u00eda<\/p>\n\n\n<div class=\"wpforms-container wpforms-container-full\" id=\"wpforms-214\"><form id=\"wpforms-form-214\" class=\"wpforms-validate wpforms-form wpforms-ajax-form\" data-formid=\"214\" method=\"post\" enctype=\"multipart\/form-data\" action=\"\/index.php\/wp-json\/wp\/v2\/pages\/143\" data-token=\"5048a42e7ec092adc08adf7dd9cb01e4\" data-token-time=\"1776421584\"><noscript class=\"wpforms-error-noscript\">Por favor, activa JavaScript en tu navegador para completar este formulario.<\/noscript><div class=\"wpforms-field-container\"><div id=\"wpforms-214-field_0-container\" class=\"wpforms-field wpforms-field-name\" data-field-id=\"0\"><label class=\"wpforms-field-label\">Nombre <span class=\"wpforms-required-label\">*<\/span><\/label><div class=\"wpforms-field-row wpforms-field-medium\"><div class=\"wpforms-field-row-block wpforms-first wpforms-one-half\"><input type=\"text\" id=\"wpforms-214-field_0\" class=\"wpforms-field-name-first wpforms-field-required\" name=\"wpforms[fields][0][first]\" required><label for=\"wpforms-214-field_0\" class=\"wpforms-field-sublabel after\">Nombre<\/label><\/div><div class=\"wpforms-field-row-block wpforms-one-half\"><input type=\"text\" id=\"wpforms-214-field_0-last\" class=\"wpforms-field-name-last wpforms-field-required\" name=\"wpforms[fields][0][last]\" required><label for=\"wpforms-214-field_0-last\" class=\"wpforms-field-sublabel after\">Apellidos<\/label><\/div><\/div><\/div><div id=\"wpforms-214-field_1-container\" class=\"wpforms-field wpforms-field-email\" data-field-id=\"1\"><label class=\"wpforms-field-label\" for=\"wpforms-214-field_1\">Email <span class=\"wpforms-required-label\">*<\/span><\/label><input type=\"email\" id=\"wpforms-214-field_1\" class=\"wpforms-field-medium wpforms-field-required\" name=\"wpforms[fields][1]\" spellcheck=\"false\" required><\/div><div id=\"wpforms-214-field_2-container\" class=\"wpforms-field wpforms-field-textarea\" data-field-id=\"2\"><label class=\"wpforms-field-label\" for=\"wpforms-214-field_2\">Comment or Message <span class=\"wpforms-required-label\">*<\/span><\/label><textarea id=\"wpforms-214-field_2\" class=\"wpforms-field-medium wpforms-field-required\" name=\"wpforms[fields][2]\" required><\/textarea><\/div><\/div><!-- .wpforms-field-container --><div class=\"wpforms-submit-container\" ><input type=\"hidden\" name=\"wpforms[id]\" value=\"214\"><input type=\"hidden\" name=\"page_title\" value=\"\"><input type=\"hidden\" name=\"page_url\" value=\"https:\/\/tecnoequiposdelagua.com\/index.php\/wp-json\/wp\/v2\/pages\/143\"><input type=\"hidden\" name=\"url_referer\" value=\"\"><button type=\"submit\" name=\"wpforms[submit]\" id=\"wpforms-submit-214\" class=\"wpforms-submit\" data-alt-text=\"Enviando...\" data-submit-text=\"Enviar\" aria-live=\"assertive\" value=\"wpforms-submit\">Enviar<\/button><img loading=\"lazy\" decoding=\"async\" src=\"https:\/\/tecnoequiposdelagua.com\/wp-content\/plugins\/wpforms-lite\/assets\/images\/submit-spin.svg\" class=\"wpforms-submit-spinner\" style=\"display: none;\" width=\"26\" height=\"26\" alt=\"Cargando\"><\/div><\/form><\/div>  <!-- .wpforms-container -->\n<\/div>\n<\/div><\/div>\n\n\n\n<div id=\"wp-block-themeisle-blocks-advanced-columns-d2b3b50b\" class=\"wp-block-themeisle-blocks-advanced-columns alignfull has-4-columns has-desktop-equal-layout has-tablet-equal-layout has-mobile-collapsedRows-layout has-vertical-unset has-dark-bg\"><div class=\"wp-block-themeisle-blocks-advanced-columns-overlay\"><\/div><div class=\"innerblocks-wrap\">\n<div id=\"wp-block-themeisle-blocks-advanced-column-34178fa7\" class=\"wp-block-themeisle-blocks-advanced-column\">\n<div id=\"wp-block-themeisle-blocks-font-awesome-icons-b2e502b6\" class=\"wp-block-themeisle-blocks-font-awesome-icons\"><span class=\"wp-block-themeisle-blocks-font-awesome-icons-container\"><i class=\"far fa-map\"><\/i><\/span><\/div>\n\n\n\n<p class=\"has-text-align-center has-text-color\" style=\"color:#939393;font-size:14px\"> D\u00d3NDE ESTAMOS<br>Puebla, Pue. M\u00e9xico&nbsp; <\/p>\n\n\n\n<p class=\"has-text-align-center has-text-color\" style=\"color:#939393;font-size:14px\">  &nbsp; <\/p>\n<\/div>\n\n\n\n<div id=\"wp-block-themeisle-blocks-advanced-column-f47e1f6c\" class=\"wp-block-themeisle-blocks-advanced-column\">\n<div id=\"wp-block-themeisle-blocks-font-awesome-icons-135a5b66\" class=\"wp-block-themeisle-blocks-font-awesome-icons\"><span class=\"wp-block-themeisle-blocks-font-awesome-icons-container\"><i class=\"fas fa-envelope\"><\/i><\/span><\/div>\n\n\n\n<p class=\"has-text-align-center has-text-color\" style=\"color:#939393;font-size:14px\">tecnoequiposdelagua@gmail.com<br><\/p>\n<\/div>\n\n\n\n<div id=\"wp-block-themeisle-blocks-advanced-column-ff2e198d\" class=\"wp-block-themeisle-blocks-advanced-column\">\n<div id=\"wp-block-themeisle-blocks-font-awesome-icons-5d962d6e\" class=\"wp-block-themeisle-blocks-font-awesome-icons\"><span class=\"wp-block-themeisle-blocks-font-awesome-icons-container\"><i class=\"fas fa-phone-square\"><\/i><\/span><\/div>\n\n\n\n<p class=\"has-text-align-center has-text-color\" style=\"color:#939393;font-size:14px\">24\/7 Asistencia<br>+52 222 889 3587 <\/p>\n\n\n\n<p class=\"has-text-align-center has-text-color\" style=\"color:#939393;font-size:14px\"> M\u00f3vil: 2225805221<\/p>\n\n\n\n<p><\/p>\n\n\n\n<p><\/p>\n<\/div>\n\n\n\n<div id=\"wp-block-themeisle-blocks-advanced-column-c483a70c\" class=\"wp-block-themeisle-blocks-advanced-column has-dark-bg\">\n<div id=\"wp-block-themeisle-blocks-button-group-80ddb8f3\" class=\"wp-block-themeisle-blocks-button-group wp-block-buttons align-center\">\n<div id=\"wp-block-themeisle-blocks-button-fdd96c26\" class=\"wp-block-themeisle-blocks-button wp-block-button\"><a href=\"\" target=\"_self\" rel=\"noopener noreferrer\" class=\"wp-block-button__link\"><i class=\"fab fa-fw fa-facebook-f\"><\/i><\/a><\/div>\n\n\n\n<div id=\"wp-block-themeisle-blocks-button-f58142b5\" class=\"wp-block-themeisle-blocks-button wp-block-button\"><a href=\"https:\/\/mx.linkedin.com\/in\/oscar-jimenez-arenas-b8026415a\" target=\"_self\" rel=\"noopener noreferrer\" class=\"wp-block-button__link\"><i class=\"fab fa-fw fa-linkedin-in\"><\/i><\/a><\/div>\n\n\n\n<div id=\"wp-block-themeisle-blocks-button-10eca286\" class=\"wp-block-themeisle-blocks-button wp-block-button\"><a href=\"https:\/\/tecnoequiposdelagua.com\/\" target=\"_self\" rel=\"noopener noreferrer\" class=\"wp-block-button__link\"><i class=\"fab fa-fw fa-dribbble\"><\/i><\/a><\/div>\n<\/div>\n\n\n\n<p class=\"has-text-align-center\">\u00a9 2025<\/p>\n<\/div>\n<\/div><\/div>\n","protected":false},"excerpt":{"rendered":"","protected":false},"author":1,"featured_media":0,"parent":0,"menu_order":0,"comment_status":"closed","ping_status":"closed","template":"page-templates\/template-pagebuilder-full-width.php","meta":{"neve_meta_sidebar":"full-width","neve_meta_container":"contained","neve_meta_enable_content_width":"on","neve_meta_content_width":100,"neve_meta_title_alignment":"","neve_meta_author_avatar":"","neve_post_elements_order":"","neve_meta_disable_header":"","neve_meta_disable_footer":"","neve_meta_disable_title":"","_themeisle_gutenberg_block_has_review":false,"footnotes":""},"class_list":["post-143","page","type-page","status-publish","hentry"],"aioseo_notices":[],"_links":{"self":[{"href":"https:\/\/tecnoequiposdelagua.com\/index.php\/wp-json\/wp\/v2\/pages\/143","targetHints":{"allow":["GET"]}}],"collection":[{"href":"https:\/\/tecnoequiposdelagua.com\/index.php\/wp-json\/wp\/v2\/pages"}],"about":[{"href":"https:\/\/tecnoequiposdelagua.com\/index.php\/wp-json\/wp\/v2\/types\/page"}],"author":[{"embeddable":true,"href":"https:\/\/tecnoequiposdelagua.com\/index.php\/wp-json\/wp\/v2\/users\/1"}],"replies":[{"embeddable":true,"href":"https:\/\/tecnoequiposdelagua.com\/index.php\/wp-json\/wp\/v2\/comments?post=143"}],"version-history":[{"count":27,"href":"https:\/\/tecnoequiposdelagua.com\/index.php\/wp-json\/wp\/v2\/pages\/143\/revisions"}],"predecessor-version":[{"id":263,"href":"https:\/\/tecnoequiposdelagua.com\/index.php\/wp-json\/wp\/v2\/pages\/143\/revisions\/263"}],"wp:attachment":[{"href":"https:\/\/tecnoequiposdelagua.com\/index.php\/wp-json\/wp\/v2\/media?parent=143"}],"curies":[{"name":"wp","href":"https:\/\/api.w.org\/{rel}","templated":true}]}}